{"id":463,"date":"2022-03-24T15:28:21","date_gmt":"2022-03-24T15:28:21","guid":{"rendered":"https:\/\/acrosstour.com\/?page_id=463"},"modified":"2022-03-24T15:28:22","modified_gmt":"2022-03-24T15:28:22","slug":"politica-de-privacidade","status":"publish","type":"page","link":"https:\/\/acrosstour.com\/?page_id=463&lang=pt","title":{"rendered":"Pol\u00edtica de Privacidade"},"content":{"rendered":"\n<p>Em acrosstour.com, acess\u00edvel em https:\/\/acrosstour.com\/, uma de nossas principais prioridades \u00e9 a privacidade de nossos visitantes. Este documento de Pol\u00edtica de Privacidade cont\u00e9m tipos de informa\u00e7\u00f5es que s\u00e3o coletadas e registradas por throughtour.com e como as usamos.<\/p>\n\n\n\n<p>Se voc\u00ea tiver d\u00favidas adicionais ou precisar de mais informa\u00e7\u00f5es sobre nossa Pol\u00edtica de Privacidade, n\u00e3o hesite em nos contatar.<\/p>\n\n\n\n<p>Esta Pol\u00edtica de Privacidade aplica-se apenas \u00e0s nossas atividades online e \u00e9 v\u00e1lida para os visitantes do nosso site no que diz respeito \u00e0s informa\u00e7\u00f5es que eles compartilharam e\/ou coletaram em throughtour.com. Esta pol\u00edtica n\u00e3o se aplica a nenhuma informa\u00e7\u00e3o coletada offline ou por outros canais que n\u00e3o este site. <\/p>\n\n\n\n<h2 class=\"wp-block-heading\">Consentimento<\/h2>\n\n\n\n<p>Ao usar nosso site, voc\u00ea concorda com nossa Pol\u00edtica de Privacidade e concorda com seus termos.<\/p>\n\n\n\n<h2 class=\"wp-block-heading\">Informa\u00e7\u00f5es que coletamos<\/h2>\n\n\n\n<p>As informa\u00e7\u00f5es pessoais que voc\u00ea deve fornecer e os motivos pelos quais s\u00e3o solicitados a fornec\u00ea-las ficar\u00e3o claros para voc\u00ea no momento em que solicitarmos que voc\u00ea forne\u00e7a suas informa\u00e7\u00f5es pessoais.<\/p>\n\n\n\n<p>Se voc\u00ea entrar em contato conosco diretamente, poderemos receber informa\u00e7\u00f5es adicionais sobre voc\u00ea, como seu nome, endere\u00e7o de e-mail, n\u00famero de telefone, o conte\u00fado da mensagem e\/ou anexos que voc\u00ea nos enviar e qualquer outra informa\u00e7\u00e3o que voc\u00ea decida fornecer .<\/p>\n\n\n\n<p>Quando voc\u00ea se registra em uma conta, podemos solicitar suas informa\u00e7\u00f5es de contato, incluindo itens como nome, nome da empresa, endere\u00e7o, endere\u00e7o de e-mail e n\u00famero de telefone.<\/p>\n\n\n\n<h2 class=\"wp-block-heading\">Como usamos suas informa\u00e7\u00f5es<\/h2>\n\n\n\n<p>Usamos as informa\u00e7\u00f5es que coletamos de v\u00e1rias maneiras, inclusive para:<\/p>\n\n\n\n<ul class=\"wp-block-list\"><li>Fornecer, operar e manter nosso site<\/li><li>Melhorar, personalizar e expandir nosso site<\/li><li>Entenda e analise como voc\u00ea usa nosso site<\/li><li>Desenvolva novos produtos, servi\u00e7os, recursos e funcionalidades<\/li><li>Comunique-se com voc\u00ea, diretamente ou por meio de um de nossos parceiros, inclusive para atendimento ao cliente, para fornecer atualiza\u00e7\u00f5es e outras informa\u00e7\u00f5es relacionadas ao site e para fins de marketing e promocionais<\/li><li>Enviar e-mails para voc\u00ea<\/li><li>Encontre e evite fraudes<\/li><\/ul>\n\n\n\n<h2 class=\"wp-block-heading\">Arquivos de registro<\/h2>\n\n\n\n<p>acrosstour.com segue um procedimento padr\u00e3o de uso de arquivos de log. Esses arquivos registram os visitantes quando eles visitam sites. Todas as empresas de hospedagem fazem isso e uma parte da an\u00e1lise dos servi\u00e7os de hospedagem. As informa\u00e7\u00f5es coletadas pelos arquivos de log incluem endere\u00e7os de protocolo da Internet (IP), tipo de navegador, provedor de servi\u00e7os de Internet (ISP), carimbo de data e hora, p\u00e1ginas de refer\u00eancia\/sa\u00edda e, possivelmente, o n\u00famero de cliques. Eles n\u00e3o est\u00e3o vinculados a nenhuma informa\u00e7\u00e3o que seja pessoalmente identific\u00e1vel. O objetivo das informa\u00e7\u00f5es \u00e9 analisar tend\u00eancias, administrar o site, rastrear o movimento dos usu\u00e1rios no site e coletar informa\u00e7\u00f5es demogr\u00e1ficas.<\/p>\n\n\n\n<h2 class=\"wp-block-heading\">Cookies e Web Beacons<\/h2>\n\n\n\n<p>Como qualquer outro site, o throughtour.com usa &#8216;cookies&#8217;. Esses cookies s\u00e3o usados \u200b\u200bpara armazenar informa\u00e7\u00f5es, incluindo as prefer\u00eancias dos visitantes e as p\u00e1ginas do site que o visitante acessou ou visitou. As informa\u00e7\u00f5es s\u00e3o usadas para otimizar a experi\u00eancia dos usu\u00e1rios, personalizando o conte\u00fado de nossa p\u00e1gina da web com base no tipo de navegador dos visitantes e\/ou outras informa\u00e7\u00f5es.<\/p>\n\n\n\n<p>Para obter informa\u00e7\u00f5es mais gerais sobre cookies, leia <a href=\"https:\/\/www.generateprivacypolicy.com\/#cookies\">o artigo sobre cookies no site Gerar pol\u00edtica de privacidade<\/a>.<\/p>\n\n\n\n<h2 class=\"wp-block-heading\">Pol\u00edticas de privacidade de parceiros de publicidade<\/h2>\n\n\n\n<p>Voc\u00ea pode consultar esta lista para encontrar a Pol\u00edtica de Privacidade de cada um dos parceiros de publicidade de throughtour.com.<\/p>\n\n\n\n<p>Servidores de an\u00fancios de terceiros ou redes de an\u00fancios usam tecnologias como cookies, JavaScript ou Web Beacons que s\u00e3o usados \u200b\u200bem seus respectivos an\u00fancios e links que aparecem em throughtour.com, que s\u00e3o enviados diretamente ao navegador dos usu\u00e1rios. Eles recebem automaticamente seu endere\u00e7o IP quando isso ocorre. Essas tecnologias s\u00e3o usadas para medir a efic\u00e1cia de suas campanhas publicit\u00e1rias e\/ou para personalizar o conte\u00fado publicit\u00e1rio que voc\u00ea v\u00ea nos sites que visita.<\/p>\n\n\n\n<p>Observe que throughtour.com n\u00e3o tem acesso ou controle sobre esses cookies que s\u00e3o usados \u200b\u200bpor anunciantes de terceiros.<\/p>\n\n\n\n<h2 class=\"wp-block-heading\">Pol\u00edticas de privacidade de terceiros<\/h2>\n\n\n\n<p>A Pol\u00edtica de Privacidade da acrosstour.com n\u00e3o se aplica a outros anunciantes ou sites. Assim, aconselhamos que consulte as respectivas Pol\u00edticas de Privacidade desses servidores de an\u00fancios de terceiros para obter informa\u00e7\u00f5es mais detalhadas. Pode incluir suas pr\u00e1ticas e instru\u00e7\u00f5es sobre como desativar determinadas op\u00e7\u00f5es.<\/p>\n\n\n\n<p>Voc\u00ea pode optar por desativar os cookies por meio das op\u00e7\u00f5es individuais do navegador. Para saber informa\u00e7\u00f5es mais detalhadas sobre o gerenciamento de cookies com navegadores espec\u00edficos, elas podem ser encontradas nos respectivos sites dos navegadores.<\/p>\n\n\n\n<h2 class=\"wp-block-heading\">Direitos de privacidade da CCPA (n\u00e3o vender minhas informa\u00e7\u00f5es pessoais)<\/h2>\n\n\n\n<p>De acordo com a CCPA, entre outros direitos, os consumidores da Calif\u00f3rnia t\u00eam o direito de:<\/p>\n\n\n\n<p>Solicite que a <\/p>\n\n\n\n<p>a empresa que coleta os dados pessoais de um consumidor divulga as categorias e partes espec\u00edficas de dados pessoais que uma empresa coletou sobre os consumidores.<\/p>\n\n\n\n<p>Solicite que uma empresa exclua quaisquer dados pessoais sobre o consumidor que uma empresa coletou.<\/p>\n\n\n\n<p>Solicite que uma empresa que venda os dados pessoais de um consumidor, n\u00e3o venda os dados pessoais do consumidor.<\/p>\n\n\n\n<p>Se voc\u00ea fizer uma solicita\u00e7\u00e3o, temos um m\u00eas para responder. Se voc\u00ea deseja exercer algum desses direitos, entre em contato conosco.<\/p>\n\n\n\n<h2 class=\"wp-block-heading\">Direitos de prote\u00e7\u00e3o de dados do GDPR<\/h2>\n\n\n\n<p>Gostar\u00edamos de ter certeza de que voc\u00ea est\u00e1 ciente de todos os seus direitos de prote\u00e7\u00e3o de dados. Todo usu\u00e1rio tem direito ao seguinte:<\/p>\n\n\n\n<p>O direito de acesso \u2013 Voc\u00ea tem o direito de solicitar c\u00f3pias de seus dados pessoais. Podemos cobrar uma pequena taxa por este servi\u00e7o.<\/p>\n\n\n\n<p>O direito de retifica\u00e7\u00e3o \u2013 Voc\u00ea tem o direito de solicitar que corrijamos qualquer informa\u00e7\u00e3o que voc\u00ea acredite estar incorreta. Voc\u00ea tamb\u00e9m tem o direito de solicitar que completemos as informa\u00e7\u00f5es que voc\u00ea acredita estarem incompletas.<\/p>\n\n\n\n<p>O direito de apagar \u2013 Voc\u00ea tem o direito de solicitar que apaguemos seus dados pessoais, sob certas condi\u00e7\u00f5es.<\/p>\n\n\n\n<p>O direito de restringir o processamento \u2013 Voc\u00ea tem o direito de solicitar que restrinjamos o processamento de seus dados pessoais, sob certas condi\u00e7\u00f5es.<\/p>\n\n\n\n<p>O direito de se opor ao processamento \u2013 Voc\u00ea tem o direito de se opor ao nosso processamento de seus dados pessoais, sob certas condi\u00e7\u00f5es.<\/p>\n\n\n\n<p>O direito \u00e0 portabilidade de dados \u2013 Voc\u00ea tem o direito de solicitar que transfiramos os dados que coletamos para outra organiza\u00e7\u00e3o ou diretamente para voc\u00ea, sob certas condi\u00e7\u00f5es.<\/p>\n\n\n\n<p>Se voc\u00ea fizer uma solicita\u00e7\u00e3o, temos um m\u00eas para responder. Se voc\u00ea deseja exercer algum desses direitos, entre em contato conosco.<\/p>\n\n\n\n<h2 class=\"wp-block-heading\">Informa\u00e7\u00f5es para crian\u00e7as<\/h2>\n\n\n\n<p>Outra parte de nossa prioridade \u00e9 adicionar prote\u00e7\u00e3o para crian\u00e7as enquanto usam a Internet. Incentivamos os pais e respons\u00e1veis \u200b\u200ba observar, participar e\/ou monitorar e orientar suas atividades on-line.<\/p>\n\n\n\n<p>acrosstour.com n\u00e3o coleta intencionalmente nenhuma informa\u00e7\u00e3o de identifica\u00e7\u00e3o pessoal de crian\u00e7as menores de 13 anos. Se voc\u00ea acha que seu filho forneceu esse tipo de informa\u00e7\u00e3o em nosso site, recomendamos que voc\u00ea entre em contato conosco imediatamente e faremos nosso melhores esfor\u00e7os para remover prontamente essas informa\u00e7\u00f5es de nossos registros.0<\/p>\n\n\n\n\n","protected":false},"excerpt":{"rendered":"<p>Em acrosstour.com, acess\u00edvel em https:\/\/acrosstour.com\/, uma de nossas principais prioridades \u00e9 a privacidade de nossos visitantes. Este documento de Pol\u00edtica de Privacidade cont\u00e9m tipos de informa\u00e7\u00f5es que s\u00e3o coletadas e registradas por throughtour.com e como as usamos. Se voc\u00ea tiver d\u00favidas adicionais ou precisar de mais informa\u00e7\u00f5es sobre nossa Pol\u00edtica de Privacidade, n\u00e3o hesite em [&hellip;]<\/p>\n","protected":false},"author":1,"featured_media":0,"parent":0,"menu_order":0,"comment_status":"closed","ping_status":"open","template":"","meta":{"_joinchat":[],"footnotes":""},"class_list":["post-463","page","type-page","status-publish","hentry"],"_links":{"self":[{"href":"https:\/\/acrosstour.com\/index.php?rest_route=\/wp\/v2\/pages\/463","targetHints":{"allow":["GET"]}}],"collection":[{"href":"https:\/\/acrosstour.com\/index.php?rest_route=\/wp\/v2\/pages"}],"about":[{"href":"https:\/\/acrosstour.com\/index.php?rest_route=\/wp\/v2\/types\/page"}],"author":[{"embeddable":true,"href":"https:\/\/acrosstour.com\/index.php?rest_route=\/wp\/v2\/users\/1"}],"replies":[{"embeddable":true,"href":"https:\/\/acrosstour.com\/index.php?rest_route=%2Fwp%2Fv2%2Fcomments&post=463"}],"version-history":[{"count":2,"href":"https:\/\/acrosstour.com\/index.php?rest_route=\/wp\/v2\/pages\/463\/revisions"}],"predecessor-version":[{"id":465,"href":"https:\/\/acrosstour.com\/index.php?rest_route=\/wp\/v2\/pages\/463\/revisions\/465"}],"wp:attachment":[{"href":"https:\/\/acrosstour.com\/index.php?rest_route=%2Fwp%2Fv2%2Fmedia&parent=463"}],"curies":[{"name":"wp","href":"https:\/\/api.w.org\/{rel}","templated":true}]}}